{"id":154,"date":"2021-05-03T15:59:23","date_gmt":"2021-05-03T14:59:23","guid":{"rendered":"https:\/\/casastiago.com\/?page_id=154"},"modified":"2023-02-28T17:24:09","modified_gmt":"2023-02-28T17:24:09","slug":"contactos","status":"publish","type":"page","link":"https:\/\/smiling-places.com\/en\/contactos\/","title":{"rendered":"Contact"},"content":{"rendered":"<p class=\"has-text-align-center wp-block-paragraph\">We look forward to hearing from you, make your reservation here! <\/p>\n\n\n\n<div class=\"wp-block-buttons is-content-justification-center is-layout-flex wp-container-core-buttons-is-layout-3e41869c wp-block-buttons-is-layout-flex\">\n<div class=\"wp-block-button\"><a class=\"wp-block-button__link wp-element-button\" href=\"https:\/\/www.avaibook.com\/reservas\/nueva_reserva.php?cod_alojamiento=357214&amp;lang=pt\">Book a room in Labruge<\/a><\/div>\n<\/div>\n\n\n\n<p class=\"has-text-align-center wp-block-paragraph\">This is also your moment to ask for INFORMATION, give a SUGGESTION or clarify your doubts before making a RESERVATION.<\/p>\n\n\n\n<p class=\"has-text-align-center wp-block-paragraph\">See you soon! :)<\/p>\n\n\n<div class=\"wp-block-jetpack-contact-form is-layout-flex wp-container-jetpack-contact-form-is-layout-b9bba262 wp-block-jetpack-contact-form-is-layout-flex\"><a href=\"https:\/\/smiling-places.com\/en\/contactos\/\" target=\"_blank\" rel=\"noopener noreferrer\">Submit a form.<\/a><\/div>\n\n\n<h1 class=\"wp-block-heading has-text-align-center\" id=\"localizacao-fisica\">Physical Location<\/h1>\n\n\n<div class=\"wp-block-image\">\n<figure class=\"aligncenter size-large is-resized\"><img loading=\"lazy\" decoding=\"async\" src=\"https:\/\/i0.wp.com\/smiling-places.com\/wp-content\/uploads\/2022\/02\/logo-fundo-preto.png?resize=234%2C304&#038;ssl=1\" alt=\"Smiling Places Guest House in Labruge, \" class=\"wp-image-624\" width=\"234\" height=\"304\"\/><\/figure>\n<\/div>\n\n\n<p class=\"has-text-align-center wp-block-paragraph\">Click the address to be routed directly to the Google map.<\/p>\n\n\n\n<div class=\"wp-block-jetpack-contact-info\">\n<div class=\"wp-block-jetpack-address\"><a href=\"https:\/\/www.google.com\/maps\/search\/Avenida+da Liberdade n\u00ba 467,4485 - 301 Labruge,Vila do Conde - Porto,+Portugal,\" target=\"_blank\" rel=\"noopener noreferrer\" title=\"Open address on Google Maps\"><div class=\"jetpack-address__address jetpack-address__address1\">Avenida da Liberdade n\u00ba 467<\/div><div class=\"jetpack-address__address jetpack-address__address2\">4485 &#8211; 301 Labruge<\/div><div class=\"jetpack-address__address jetpack-address__address3\">Vila do Conde &#8211; Porto<\/div><div class=\"jetpack-address__city\">Portugal<\/div><\/a><\/div>\n<\/div>\n\n\n\n<p class=\"has-text-align-center wp-block-paragraph\">GPS coordinates: 41.276230; -8.723239<\/p>\n\n\n\n<h1 class=\"wp-block-heading has-text-align-center\" id=\"localizacao-digital\">Digital Location<\/h1>\n\n\n\n<ul class=\"wp-block-social-links aligncenter is-layout-flex wp-block-social-links-is-layout-flex\"><li class=\"wp-social-link wp-social-link-facebook  wp-block-social-link\"><a href=\"https:\/\/www.facebook.com\/Smiling-Places-106889795184390\/\" class=\"wp-block-social-link-anchor\"><svg width=\"24\" height=\"24\" viewbox=\"0 0 24 24\" version=\"1.1\" xmlns=\"http:\/\/www.w3.org\/2000\/svg\" aria-hidden=\"true\" focusable=\"false\"><path d=\"M12 2C6.5 2 2 6.5 2 12c0 5 3.7 9.1 8.4 9.9v-7H7.9V12h2.5V9.8c0-2.5 1.5-3.9 3.8-3.9 1.1 0 2.2.2 2.2.2v2.5h-1.3c-1.2 0-1.6.8-1.6 1.6V12h2.8l-.4 2.9h-2.3v7C18.3 21.1 22 17 22 12c0-5.5-4.5-10-10-10z\"><\/path><\/svg><span class=\"wp-block-social-link-label screen-reader-text\">Facebook<\/span><\/a><\/li>\n\n<li class=\"wp-social-link wp-social-link-instagram  wp-block-social-link\"><a href=\"https:\/\/www.instagram.com\/invites\/contact\/?i=1cof13f0perrb&#038;utm_content=mbucc3s%20\" class=\"wp-block-social-link-anchor\"><svg width=\"24\" height=\"24\" viewbox=\"0 0 24 24\" version=\"1.1\" xmlns=\"http:\/\/www.w3.org\/2000\/svg\" aria-hidden=\"true\" focusable=\"false\"><path d=\"M12,4.622c2.403,0,2.688,0.009,3.637,0.052c0.877,0.04,1.354,0.187,1.671,0.31c0.42,0.163,0.72,0.358,1.035,0.673 c0.315,0.315,0.51,0.615,0.673,1.035c0.123,0.317,0.27,0.794,0.31,1.671c0.043,0.949,0.052,1.234,0.052,3.637 s-0.009,2.688-0.052,3.637c-0.04,0.877-0.187,1.354-0.31,1.671c-0.163,0.42-0.358,0.72-0.673,1.035 c-0.315,0.315-0.615,0.51-1.035,0.673c-0.317,0.123-0.794,0.27-1.671,0.31c-0.949,0.043-1.233,0.052-3.637,0.052 s-2.688-0.009-3.637-0.052c-0.877-0.04-1.354-0.187-1.671-0.31c-0.42-0.163-0.72-0.358-1.035-0.673 c-0.315-0.315-0.51-0.615-0.673-1.035c-0.123-0.317-0.27-0.794-0.31-1.671C4.631,14.688,4.622,14.403,4.622,12 s0.009-2.688,0.052-3.637c0.04-0.877,0.187-1.354,0.31-1.671c0.163-0.42,0.358-0.72,0.673-1.035 c0.315-0.315,0.615-0.51,1.035-0.673c0.317-0.123,0.794-0.27,1.671-0.31C9.312,4.631,9.597,4.622,12,4.622 M12,3 C9.556,3,9.249,3.01,8.289,3.054C7.331,3.098,6.677,3.25,6.105,3.472C5.513,3.702,5.011,4.01,4.511,4.511 c-0.5,0.5-0.808,1.002-1.038,1.594C3.25,6.677,3.098,7.331,3.054,8.289C3.01,9.249,3,9.556,3,12c0,2.444,0.01,2.751,0.054,3.711 c0.044,0.958,0.196,1.612,0.418,2.185c0.23,0.592,0.538,1.094,1.038,1.594c0.5,0.5,1.002,0.808,1.594,1.038 c0.572,0.222,1.227,0.375,2.185,0.418C9.249,20.99,9.556,21,12,21s2.751-0.01,3.711-0.054c0.958-0.044,1.612-0.196,2.185-0.418 c0.592-0.23,1.094-0.538,1.594-1.038c0.5-0.5,0.808-1.002,1.038-1.594c0.222-0.572,0.375-1.227,0.418-2.185 C20.99,14.751,21,14.444,21,12s-0.01-2.751-0.054-3.711c-0.044-0.958-0.196-1.612-0.418-2.185c-0.23-0.592-0.538-1.094-1.038-1.594 c-0.5-0.5-1.002-0.808-1.594-1.038c-0.572-0.222-1.227-0.375-2.185-0.418C14.751,3.01,14.444,3,12,3L12,3z M12,7.378 c-2.552,0-4.622,2.069-4.622,4.622S9.448,16.622,12,16.622s4.622-2.069,4.622-4.622S14.552,7.378,12,7.378z M12,15 c-1.657,0-3-1.343-3-3s1.343-3,3-3s3,1.343,3,3S13.657,15,12,15z M16.804,6.116c-0.596,0-1.08,0.484-1.08,1.08 s0.484,1.08,1.08,1.08c0.596,0,1.08-0.484,1.08-1.08S17.401,6.116,16.804,6.116z\"><\/path><\/svg><span class=\"wp-block-social-link-label screen-reader-text\">Instagram<\/span><\/a><\/li><\/ul>\n\n\n\n<p class=\"has-text-align-center wp-block-paragraph\"><strong><a href=\"http:\/\/www.smilingplaces.pt\">www.smilingplaces.p<\/a>t<\/strong> and <a href=\"https:\/\/smiling-places.com\/en\/\"><strong>www.smiling-places.com<\/strong><\/a><\/p>","protected":false},"excerpt":{"rendered":"<p>Estamos ansiosos pelo seu contacto, fa\u00e7a aqui a sua reserva! Este tamb\u00e9m \u00e9 o seu espa\u00e7o para pedir uma INFORMA\u00c7\u00c3O, dar uma SUGEST\u00c3O ou esclarecer as suas d\u00favidas antes de realizar uma RESERVA. At\u00e9 breve! \ud83d\ude42 Localiza\u00e7\u00e3o F\u00edsica Clique no endere\u00e7o para ser encaminhado diretamente para o mapa do Google. Coordenadas GPS: 41.276230; -8.723239 Localiza\u00e7\u00e3o<a class=\"more-link\" href=\"https:\/\/smiling-places.com\/en\/contactos\/\">Continue reading <span class=\"screen-reader-text\">&#8220;Contacto&#8221;<\/span><\/a><\/p>","protected":false},"author":158572356,"featured_media":0,"parent":0,"menu_order":0,"comment_status":"closed","ping_status":"closed","template":"","meta":{"_coblocks_attr":"","_coblocks_dimensions":"","_coblocks_responsive_height":"","_coblocks_accordion_ie_support":"","_crdt_document":"","advanced_seo_description":"","jetpack_seo_html_title":"","jetpack_seo_noindex":false,"footnotes":""},"class_list":["post-154","page","type-page","status-publish","hentry","entry"],"jetpack_likes_enabled":true,"jetpack_sharing_enabled":true,"jetpack_shortlink":"https:\/\/wp.me\/Pb20d7-2u","amp_enabled":true,"_links":{"self":[{"href":"https:\/\/smiling-places.com\/en\/wp-json\/wp\/v2\/pages\/154","targetHints":{"allow":["GET"]}}],"collection":[{"href":"https:\/\/smiling-places.com\/en\/wp-json\/wp\/v2\/pages"}],"about":[{"href":"https:\/\/smiling-places.com\/en\/wp-json\/wp\/v2\/types\/page"}],"author":[{"embeddable":true,"href":"https:\/\/smiling-places.com\/en\/wp-json\/wp\/v2\/users\/158572356"}],"replies":[{"embeddable":true,"href":"https:\/\/smiling-places.com\/en\/wp-json\/wp\/v2\/comments?post=154"}],"version-history":[{"count":18,"href":"https:\/\/smiling-places.com\/en\/wp-json\/wp\/v2\/pages\/154\/revisions"}],"predecessor-version":[{"id":1172,"href":"https:\/\/smiling-places.com\/en\/wp-json\/wp\/v2\/pages\/154\/revisions\/1172"}],"wp:attachment":[{"href":"https:\/\/smiling-places.com\/en\/wp-json\/wp\/v2\/media?parent=154"}],"curies":[{"name":"wp","href":"https:\/\/api.w.org\/{rel}","templated":true}]}}