{"id":603,"date":"2022-02-04T12:50:57","date_gmt":"2022-02-04T12:50:57","guid":{"rendered":"https:\/\/smiling-places.com\/?page_id=603"},"modified":"2022-04-06T21:57:29","modified_gmt":"2022-04-06T20:57:29","slug":"politica-de-privacidade","status":"publish","type":"page","link":"https:\/\/smiling-places.com\/en\/politica-de-privacidade\/","title":{"rendered":"Privacy Policy"},"content":{"rendered":"<p class=\"wp-block-paragraph\">This website is owned and controlled by Elisabete Dulce Fontes da Silva, owner of the Smiling Places brand (nr. 671937) and Guest House (nr. 125106), tax identification number 198 923 554.<\/p>\n\n\n\n<p class=\"wp-block-paragraph\">We will respect the confidentiality of the data provided by customers. We take privacy seriously and only use the data for the purpose for which we were granted: request for reservations, request for information, newsletter subscription and sending suggestions or comments.<\/p>\n\n\n\n<p class=\"wp-block-paragraph\">Owners of data  have the right to request rectification, deletion or limitation of processing. They can exercise this right by email hello@smilingplaces.pt.<\/p>\n\n\n\n<p class=\"wp-block-paragraph\">To facilitate your access to information, this website contains links to other websites and we are not responsible for the privacy policies or content of those sites.<\/p>\n\n\n\n<p class=\"wp-block-paragraph\">Este website utiliza &#8220;cookies&#8221; na sua tecnologia, para nos fornecer informa\u00e7\u00e3o da utiliza\u00e7\u00e3o do site, de forma an\u00f3nima, com vista \u00e0 implementa\u00e7\u00e3o de melhorias de utiliza\u00e7\u00e3o e de conte\u00fado, sempre na perspectiva da melhoria cont\u00ednua do servi\u00e7o prestado. Para a constru\u00e7\u00e3o do nosso site escolhemos a plataforma WordPress, que \u00e9 um sistema usado para elaborar e gerir sites, pela garantia de preocupa\u00e7\u00e3o constante com a seguran\u00e7a web.<\/p>\n\n\n\n<p class=\"wp-block-paragraph\">No caso de d\u00favidas sobre a nossa pol\u00edtica, por favor entre em contacto atrav\u00e9s do email acima mencionado ou do formul\u00e1rio na p\u00e1gina &#8220;Contactos&#8221; deste website.<\/p>","protected":false},"excerpt":{"rendered":"<p>Este website pertence e \u00e9 controlado por Elisabete Dulce Fontes da Silva, titular da marca Smiling Places (n\u00ba 671937) e do Alojamento Local (n\u00ba 125106\/AL), empres\u00e1ria em nome individual, sob o n\u00famero de identifica\u00e7\u00e3o fiscal 198 923 554. \u00c9 nosso objetivo respeitar a confidencialidade dos dados fornecidos pelos clientes. Encaramos seriamente a privacidade e apenas<a class=\"more-link\" href=\"https:\/\/smiling-places.com\/en\/politica-de-privacidade\/\">Continue reading <span class=\"screen-reader-text\">&#8220;Pol\u00edtica de Privacidade&#8221;<\/span><\/a><\/p>","protected":false},"author":158572356,"featured_media":0,"parent":0,"menu_order":0,"comment_status":"closed","ping_status":"closed","template":"","meta":{"_coblocks_attr":"","_coblocks_dimensions":"","_coblocks_responsive_height":"","_coblocks_accordion_ie_support":"","_crdt_document":"","advanced_seo_description":"","jetpack_seo_html_title":"","jetpack_seo_noindex":false,"footnotes":""},"class_list":["post-603","page","type-page","status-publish","hentry","entry"],"jetpack_likes_enabled":true,"jetpack_sharing_enabled":true,"jetpack_shortlink":"https:\/\/wp.me\/Pb20d7-9J","amp_enabled":true,"_links":{"self":[{"href":"https:\/\/smiling-places.com\/en\/wp-json\/wp\/v2\/pages\/603","targetHints":{"allow":["GET"]}}],"collection":[{"href":"https:\/\/smiling-places.com\/en\/wp-json\/wp\/v2\/pages"}],"about":[{"href":"https:\/\/smiling-places.com\/en\/wp-json\/wp\/v2\/types\/page"}],"author":[{"embeddable":true,"href":"https:\/\/smiling-places.com\/en\/wp-json\/wp\/v2\/users\/158572356"}],"replies":[{"embeddable":true,"href":"https:\/\/smiling-places.com\/en\/wp-json\/wp\/v2\/comments?post=603"}],"version-history":[{"count":6,"href":"https:\/\/smiling-places.com\/en\/wp-json\/wp\/v2\/pages\/603\/revisions"}],"predecessor-version":[{"id":706,"href":"https:\/\/smiling-places.com\/en\/wp-json\/wp\/v2\/pages\/603\/revisions\/706"}],"wp:attachment":[{"href":"https:\/\/smiling-places.com\/en\/wp-json\/wp\/v2\/media?parent=603"}],"curies":[{"name":"wp","href":"https:\/\/api.w.org\/{rel}","templated":true}]}}