{"id":73,"date":"2021-04-30T15:53:46","date_gmt":"2021-04-30T14:53:46","guid":{"rendered":"http:\/\/casastiago.com\/?page_id=73"},"modified":"2023-11-15T18:33:39","modified_gmt":"2023-11-15T18:33:39","slug":"pagina-inicial","status":"publish","type":"page","link":"https:\/\/smiling-places.com\/en\/pagina-inicial\/","title":{"rendered":"About Smiling Places Labruge"},"content":{"rendered":"<div class=\"wp-block-jetpack-tiled-gallery aligncenter is-style-rectangular\"><div class=\"tiled-gallery__gallery\"><div class=\"tiled-gallery__row\"><div class=\"tiled-gallery__col\" style=\"flex-basis:34.30982%\"><figure class=\"tiled-gallery__item\"><img decoding=\"async\" role=\"button\" tabindex=\"0\" aria-label=\"Open image 1 of 3 in full-screen\"srcset=\"https:\/\/i1.wp.com\/smiling-places.com\/wp-content\/uploads\/2023\/11\/20211020_145434-768x1024.jpg?strip=info&#038;w=600&#038;ssl=1 600w,https:\/\/i1.wp.com\/smiling-places.com\/wp-content\/uploads\/2023\/11\/20211020_145434-768x1024.jpg?strip=info&#038;w=900&#038;ssl=1 900w,https:\/\/i1.wp.com\/smiling-places.com\/wp-content\/uploads\/2023\/11\/20211020_145434-768x1024.jpg?strip=info&#038;w=1200&#038;ssl=1 1200w,https:\/\/i1.wp.com\/smiling-places.com\/wp-content\/uploads\/2023\/11\/20211020_145434-768x1024.jpg?strip=info&#038;w=1500&#038;ssl=1 1500w,https:\/\/i1.wp.com\/smiling-places.com\/wp-content\/uploads\/2023\/11\/20211020_145434-768x1024.jpg?strip=info&#038;w=1800&#038;ssl=1 1800w,https:\/\/i1.wp.com\/smiling-places.com\/wp-content\/uploads\/2023\/11\/20211020_145434-768x1024.jpg?strip=info&#038;w=2000&#038;ssl=1 2000w\" alt=\"\" data-height=\"4000\" data-id=\"1541\" data-link=\"https:\/\/smiling-places.com\/2023\/11\/15\/agora-ja-e-possivel-porto-labruge-e-com-smiling-places\/20211020_145434\/\" data-url=\"https:\/\/smiling-places.com\/wp-content\/uploads\/2023\/11\/20211020_145434-768x1024.jpg\" data-width=\"3000\" src=\"https:\/\/i1.wp.com\/smiling-places.com\/wp-content\/uploads\/2023\/11\/20211020_145434-768x1024.jpg?ssl=1\" data-amp-layout=\"responsive\"\/><\/figure><\/div><div class=\"tiled-gallery__col\" style=\"flex-basis:35.18196%\"><figure class=\"tiled-gallery__item\"><img decoding=\"async\" role=\"button\" tabindex=\"0\" aria-label=\"Open image 2 of 3 in full-screen\"srcset=\"https:\/\/i0.wp.com\/smiling-places.com\/wp-content\/uploads\/2023\/11\/logo-labruge-igual-ao-do-porto.png?strip=info&#038;w=523&#038;ssl=1 523w\" alt=\"\" data-height=\"680\" data-id=\"1554\" data-link=\"https:\/\/smiling-places.com\/pagina-inicial\/logo-labruge-igual-ao-do-porto\/\" data-url=\"https:\/\/smiling-places.com\/wp-content\/uploads\/2023\/11\/logo-labruge-igual-ao-do-porto.png\" data-width=\"523\" src=\"https:\/\/i0.wp.com\/smiling-places.com\/wp-content\/uploads\/2023\/11\/logo-labruge-igual-ao-do-porto.png?ssl=1\" data-amp-layout=\"responsive\"\/><\/figure><\/div><div class=\"tiled-gallery__col\" style=\"flex-basis:30.50822%\"><figure class=\"tiled-gallery__item\"><img decoding=\"async\" role=\"button\" tabindex=\"0\" aria-label=\"Open image 3 of 3 in full-screen\"srcset=\"https:\/\/i1.wp.com\/smiling-places.com\/wp-content\/uploads\/2023\/11\/labruge2.jpg?strip=info&#038;w=418&#038;ssl=1 418w\" alt=\"\" data-height=\"627\" data-id=\"1552\" data-link=\"https:\/\/smiling-places.com\/pagina-inicial\/labruge2-3\/\" data-url=\"https:\/\/smiling-places.com\/wp-content\/uploads\/2023\/11\/labruge2.jpg\" data-width=\"418\" src=\"https:\/\/i1.wp.com\/smiling-places.com\/wp-content\/uploads\/2023\/11\/labruge2.jpg?ssl=1\" data-amp-layout=\"responsive\"\/><\/figure><\/div><\/div><\/div><\/div>\n\n\n\n<h1 class=\"wp-block-heading has-text-align-center\" id=\"smiling-places-guest-house-in-labruge\">Smiling Places &#8211; Guest House in Labruge<\/h1>\n\n\n\n<p class=\"has-text-align-center wp-block-paragraph\">It is a charming Guest House situated in the quiet town of Labruge, 400 metres from the beach, within walking distance of the airport (only 12 kms) and 20 km from the cosmopolitan city of Porto. <\/p>\n\n\n\n<p class=\"has-text-align-center wp-block-paragraph\">In this Guest House we have created a concept of <strong>Slow Tourism<\/strong>, thought for your well-being, without confusion or crowds. With only 4 rooms, it aims to be a place that allows you to <strong>slow down<\/strong> and provide <strong>authentic moments<\/strong>, with local people, of traditions linked to the sea and land, simple people, who like and know how to receive without mischaracterizing the essence and natural charm of this locality.<\/p>\n\n\n\n<p class=\"has-text-align-center wp-block-paragraph\">We like to travel, accumulate various experiences, select what we like the most and think in every detail, expectating that your experience will be memorable and feel like you're at a friend's house.<\/p>\n\n\n\n<h1 class=\"wp-block-heading has-text-align-center\" id=\"sobre-labruge\">About Labruge<\/h1>\n\n\n\n<p class=\"has-text-align-center wp-block-paragraph\">Many find Labruge in his <strong>Way of Saint James<\/strong>, by the Portuguese of the Coast, on a path of faith or self-knowledge. And so it is a place where many experiences are shared at the end of the day, resting accompanied by the sunset or the sound of birds. It is a place where beautiful human beings pass by, which nothing else expects that life becomes a good walk for everyone.<\/p>\n\n\n\n<p class=\"has-text-align-center wp-block-paragraph\">Others find in Labruge <strong>a break or a holiday destination<\/strong> with sun, natural beaches and hiking trails with a landscape that cause silence in the most restless mind. The local gastronomy, based on the quality of fresh fish that comes out every day from its beaches, is itself a destination. In the fishing villages of Angeiras or Vila Ch\u00e3, very early fishermen launch their boats, with the purpose of getting to the local restaurants the most fresh fish.<\/p>\n\n\n\n<p class=\"has-text-align-center wp-block-paragraph\">Labruge, for its proximity in distance, is also sought to join a visit of the bustling and <strong>cosmopolitan city of Porto <\/strong>com a tranquilidade do campo e do mar. A cidade do Porto \u00e9 misteriosa e encantadora, com muito para viver e disfrutar&#8230;mas sabe t\u00e3o bem regressar \u00e0 calma no final dessa experi\u00eancia. Se for este o motivo da sua vinda, e \u00e9 a primeira vez por c\u00e1, n\u00e3o deixe de partilhar connosco, vamos orient\u00e1-lo para os locais onde poder\u00e1 viver mais a cidade e o contacto com as pessoas. Nesta regi\u00e3o de Portugal, adoramos conversar, ouvir e contar hist\u00f3rias, mas tamb\u00e9m sabemos perceber muito bem quando algu\u00e9m n\u00e3o quer conversa&#8230;Sabemos mimar, mas principalmente respeitar.<\/p>\n\n\n\n<p class=\"has-text-align-center wp-block-paragraph\">There are also those who come to us to finish their day of work in harmony, after a busy day of meetings, purpose of a work trip. More and more families are trying to reconcile work and time together (tourism <strong>Bleisure <\/strong>&#8211; Business and Leisure). Alguns prolongam a estadia e aproveitam o fim de semana em fam\u00edlia; outros viajam s\u00f3s, mas preferem terminar o dia na varanda, a ver o mar, que num quarto de um hotel de cidade. A proximidade do Aeroporto do Porto permite essa op\u00e7\u00e3o e em todos os quartos, ou espa\u00e7os comuns, se preferir, temos as condi\u00e7\u00f5es necess\u00e1rias para <strong>remote work<\/strong>.<\/p>\n\n\n\n<p class=\"has-text-align-center wp-block-paragraph\">Whatever the reason that brought you to us, what we promise you at Smiling Places is that you will slow down from your normal life and you will realize how much love and humor we have built this concept with.<\/p>\n\n\n\n<p class=\"has-text-align-center wp-block-paragraph\">Enjoy it, it was created by people who love people! <\/p>\n\n\n\n<hr class=\"wp-block-separator has-css-opacity\"\/>\n\n\n\n<h1 class=\"wp-block-heading has-text-align-center\" id=\"os-nossos-valores\">Our values<\/h1>\n\n\n\n<p class=\"has-text-align-center wp-block-paragraph\"><strong>RESPECT<\/strong> for people, their beliefs, origin and ideology. Diversity stimulates evolution.<\/p>\n\n\n\n<p class=\"has-text-align-center wp-block-paragraph\"><strong>AUTHENTICITY<\/strong>, we share what we realy are and we are pride in our cultural heritage. We celebrate traditions with joy and gratitude.<\/p>\n\n\n\n<div class=\"wp-block-columns is-layout-flex wp-container-core-columns-is-layout-7387b849 wp-block-columns-is-layout-flex\">\n<div class=\"wp-block-column is-layout-flow wp-block-column-is-layout-flow\">\n<p class=\"has-text-align-center wp-block-paragraph\">We prioritize comfort and <strong>PEACE<\/strong> of body and soul.<\/p>\n\n\n\n<p class=\"has-text-align-center wp-block-paragraph\"><strong>GOOD MOOD<\/strong>, It\u00b4s laughing what makes us truly human and special.<\/p>\n<\/div>\n<\/div>\n\n\n\n<div class=\"wp-block-cover alignfull is-light is-style-default\" style=\"min-height:471px;aspect-ratio:unset;\"><span aria-hidden=\"true\" class=\"wp-block-cover__background has-background-dim-40 has-background-dim\" style=\"background-color:#819ba4\"><\/span><img loading=\"lazy\" decoding=\"async\" width=\"750\" height=\"562\" class=\"wp-block-cover__image-background wp-image-632\" alt=\"\" src=\"https:\/\/i0.wp.com\/smiling-places.com\/wp-content\/uploads\/2022\/02\/labruge11.jpg?resize=750%2C562&#038;ssl=1\" style=\"object-position:59% 51%\" data-object-fit=\"cover\" data-object-position=\"59% 51%\"\/><div class=\"wp-block-cover__inner-container is-layout-flow wp-block-cover-is-layout-flow\">\n<h2 class=\"wp-block-heading has-text-align-center has-background-color has-text-color\" id=\"todos-os-meses-partilhamos-novidades\">Advantages of booking here and now!<\/h2>\n\n\n\n<p class=\"has-text-align-center has-background-color has-text-color wp-block-paragraph\"><strong>The benefits are customized for you, click on reservations and choose the offer you prefer.<\/strong><\/p>\n\n\n\n<div class=\"wp-block-buttons alignwide is-content-justification-center is-layout-flex wp-container-core-buttons-is-layout-3e41869c wp-block-buttons-is-layout-flex\">\n<div class=\"wp-block-button coblocks-animate\" data-coblocks-animation=\"zoomIn\"><a class=\"wp-block-button__link wp-element-button\" href=\"https:\/\/www.avaibook.com\/reservas\/nueva_reserva.php?cod_alojamiento=357214&amp;lang=pt\">Book a room in Labruge<\/a><\/div>\n<\/div>\n\n\n\n<p class=\"has-text-align-center has-background-color has-text-color wp-block-paragraph\"><\/p>\n<\/div><\/div>\n\n\n\n<p class=\"wp-block-paragraph\"><\/p>","protected":false},"excerpt":{"rendered":"<p>Smiling Places &#8211; Guest House in Labruge \u00c9 um alojamento de charme situado na tranquila localidade de Labruge, a 400 metros da praia, a curta dist\u00e2ncia do Aeroporto (apenas a 12 kms) e a 20 km da cosmopolita cidade do Porto. Neste alojamento criamos um conceito de Slow Tourism, pensado no seu bem-estar, sem confus\u00f5es<a class=\"more-link\" href=\"https:\/\/smiling-places.com\/en\/pagina-inicial\/\">Continue reading <span class=\"screen-reader-text\">&#8220;Sobre Smiling Places Labruge&#8221;<\/span><\/a><\/p>","protected":false},"author":158572356,"featured_media":0,"parent":0,"menu_order":0,"comment_status":"closed","ping_status":"closed","template":"","meta":{"_coblocks_attr":"","_coblocks_dimensions":"","_coblocks_responsive_height":"","_coblocks_accordion_ie_support":"","_crdt_document":"","advanced_seo_description":"","jetpack_seo_html_title":"","jetpack_seo_noindex":false,"footnotes":""},"class_list":["post-73","page","type-page","status-publish","hentry","entry"],"jetpack_likes_enabled":true,"jetpack_sharing_enabled":true,"jetpack_shortlink":"https:\/\/wp.me\/Pb20d7-1b","amp_enabled":true,"_links":{"self":[{"href":"https:\/\/smiling-places.com\/en\/wp-json\/wp\/v2\/pages\/73","targetHints":{"allow":["GET"]}}],"collection":[{"href":"https:\/\/smiling-places.com\/en\/wp-json\/wp\/v2\/pages"}],"about":[{"href":"https:\/\/smiling-places.com\/en\/wp-json\/wp\/v2\/types\/page"}],"author":[{"embeddable":true,"href":"https:\/\/smiling-places.com\/en\/wp-json\/wp\/v2\/users\/158572356"}],"replies":[{"embeddable":true,"href":"https:\/\/smiling-places.com\/en\/wp-json\/wp\/v2\/comments?post=73"}],"version-history":[{"count":43,"href":"https:\/\/smiling-places.com\/en\/wp-json\/wp\/v2\/pages\/73\/revisions"}],"predecessor-version":[{"id":1563,"href":"https:\/\/smiling-places.com\/en\/wp-json\/wp\/v2\/pages\/73\/revisions\/1563"}],"wp:attachment":[{"href":"https:\/\/smiling-places.com\/en\/wp-json\/wp\/v2\/media?parent=73"}],"curies":[{"name":"wp","href":"https:\/\/api.w.org\/{rel}","templated":true}]}}